{"id":19875,"date":"2025-03-04T13:46:26","date_gmt":"2025-03-04T13:46:26","guid":{"rendered":"https:\/\/jmvmotors.ee\/?page_id=19875"},"modified":"2025-03-04T16:58:52","modified_gmt":"2025-03-04T16:58:52","slug":"other","status":"publish","type":"page","link":"https:\/\/jmvmotors.ee\/en\/other\/","title":{"rendered":"Sale car24"},"content":{"rendered":"<p>{AUTO24_CONTENT}<\/p>","protected":false},"excerpt":{"rendered":"<p>{AUTO24_CONTENT}<\/p>","protected":false},"author":1,"featured_media":0,"parent":0,"menu_order":0,"comment_status":"closed","ping_status":"closed","template":"template-auto24.php","meta":{"_acf_changed":false,"footnotes":""},"class_list":["post-19875","page","type-page","status-publish","hentry"],"acf":[],"yoast_head":"<!-- This site is optimized with the Yoast SEO plugin v27.3 - https:\/\/yoast.com\/product\/yoast-seo-wordpress\/ -->\n<title>M\u00fc\u00fck auto24 - JMV Motors<\/title>\n<meta name=\"description\" content=\"JMV motors m\u00fc\u00fck\" \/>\n<meta name=\"robots\" content=\"index, follow, max-snippet:-1, max-image-preview:large, max-video-preview:-1\" \/>\n<link rel=\"canonical\" href=\"https:\/\/jmvmotors.ee\/en\/other\/\" \/>\n<meta property=\"og:locale\" content=\"en_GB\" \/>\n<meta property=\"og:type\" content=\"article\" \/>\n<meta property=\"og:title\" content=\"M\u00fc\u00fck auto24 - JMV Motors\" \/>\n<meta property=\"og:description\" content=\"JMV motors m\u00fc\u00fck\" \/>\n<meta property=\"og:url\" content=\"https:\/\/jmvmotors.ee\/en\/other\/\" \/>\n<meta property=\"og:site_name\" content=\"JMV Motors\" \/>\n<meta property=\"article:modified_time\" content=\"2025-03-04T16:58:52+00:00\" \/>\n<meta name=\"twitter:card\" content=\"summary_large_image\" \/>\n<meta name=\"twitter:label1\" content=\"Estimated reading time\" \/>\n\t<meta name=\"twitter:data1\" content=\"1 minute\" \/>\n<script type=\"application\/ld+json\" class=\"yoast-schema-graph\">{\"@context\":\"https:\\\/\\\/schema.org\",\"@graph\":[{\"@type\":\"WebPage\",\"@id\":\"https:\\\/\\\/jmvmotors.ee\\\/muuk\\\/\",\"url\":\"https:\\\/\\\/jmvmotors.ee\\\/muuk\\\/\",\"name\":\"M\u00fc\u00fck auto24 - JMV Motors\",\"isPartOf\":{\"@id\":\"https:\\\/\\\/jmvmotors.ee\\\/#website\"},\"datePublished\":\"2025-03-04T13:46:26+00:00\",\"dateModified\":\"2025-03-04T16:58:52+00:00\",\"description\":\"JMV motors m\u00fc\u00fck\",\"breadcrumb\":{\"@id\":\"https:\\\/\\\/jmvmotors.ee\\\/muuk\\\/#breadcrumb\"},\"inLanguage\":\"en-GB\",\"potentialAction\":[{\"@type\":\"ReadAction\",\"target\":[\"https:\\\/\\\/jmvmotors.ee\\\/muuk\\\/\"]}]},{\"@type\":\"BreadcrumbList\",\"@id\":\"https:\\\/\\\/jmvmotors.ee\\\/muuk\\\/#breadcrumb\",\"itemListElement\":[{\"@type\":\"ListItem\",\"position\":1,\"name\":\"Avaleht\",\"item\":\"https:\\\/\\\/jmvmotors.ee\\\/\"},{\"@type\":\"ListItem\",\"position\":2,\"name\":\"M\u00fc\u00fck auto24\"}]},{\"@type\":\"WebSite\",\"@id\":\"https:\\\/\\\/jmvmotors.ee\\\/#website\",\"url\":\"https:\\\/\\\/jmvmotors.ee\\\/\",\"name\":\"JMV Motors\",\"description\":\"Premium autode rent\",\"publisher\":{\"@id\":\"https:\\\/\\\/jmvmotors.ee\\\/#organization\"},\"potentialAction\":[{\"@type\":\"SearchAction\",\"target\":{\"@type\":\"EntryPoint\",\"urlTemplate\":\"https:\\\/\\\/jmvmotors.ee\\\/?s={search_term_string}\"},\"query-input\":{\"@type\":\"PropertyValueSpecification\",\"valueRequired\":true,\"valueName\":\"search_term_string\"}}],\"inLanguage\":\"en-GB\"},{\"@type\":\"Organization\",\"@id\":\"https:\\\/\\\/jmvmotors.ee\\\/#organization\",\"name\":\"JMV Motors\",\"url\":\"https:\\\/\\\/jmvmotors.ee\\\/\",\"logo\":{\"@type\":\"ImageObject\",\"inLanguage\":\"en-GB\",\"@id\":\"https:\\\/\\\/jmvmotors.ee\\\/#\\\/schema\\\/logo\\\/image\\\/\",\"url\":\"https:\\\/\\\/jmvmotors.ee\\\/wp-content\\\/uploads\\\/2022\\\/02\\\/cropped-Stack-1.png\",\"contentUrl\":\"https:\\\/\\\/jmvmotors.ee\\\/wp-content\\\/uploads\\\/2022\\\/02\\\/cropped-Stack-1.png\",\"width\":512,\"height\":512,\"caption\":\"JMV Motors\"},\"image\":{\"@id\":\"https:\\\/\\\/jmvmotors.ee\\\/#\\\/schema\\\/logo\\\/image\\\/\"}}]}<\/script>\n<!-- \/ Yoast SEO plugin. -->","yoast_head_json":{"title":"Sale auto24 - JMV Motors","description":"JMV motors for sale","robots":{"index":"index","follow":"follow","max-snippet":"max-snippet:-1","max-image-preview":"max-image-preview:large","max-video-preview":"max-video-preview:-1"},"canonical":"https:\/\/jmvmotors.ee\/en\/other\/","og_locale":"en_GB","og_type":"article","og_title":"M\u00fc\u00fck auto24 - JMV Motors","og_description":"JMV motors m\u00fc\u00fck","og_url":"https:\/\/jmvmotors.ee\/en\/other\/","og_site_name":"JMV Motors","article_modified_time":"2025-03-04T16:58:52+00:00","twitter_card":"summary_large_image","twitter_misc":{"Estimated reading time":"1 minute"},"schema":{"@context":"https:\/\/schema.org","@graph":[{"@type":"WebPage","@id":"https:\/\/jmvmotors.ee\/muuk\/","url":"https:\/\/jmvmotors.ee\/muuk\/","name":"Sale auto24 - JMV Motors","isPartOf":{"@id":"https:\/\/jmvmotors.ee\/#website"},"datePublished":"2025-03-04T13:46:26+00:00","dateModified":"2025-03-04T16:58:52+00:00","description":"JMV motors for sale","breadcrumb":{"@id":"https:\/\/jmvmotors.ee\/muuk\/#breadcrumb"},"inLanguage":"en-GB","potentialAction":[{"@type":"ReadAction","target":["https:\/\/jmvmotors.ee\/muuk\/"]}]},{"@type":"BreadcrumbList","@id":"https:\/\/jmvmotors.ee\/muuk\/#breadcrumb","itemListElement":[{"@type":"ListItem","position":1,"name":"Avaleht","item":"https:\/\/jmvmotors.ee\/"},{"@type":"ListItem","position":2,"name":"M\u00fc\u00fck auto24"}]},{"@type":"WebSite","@id":"https:\/\/jmvmotors.ee\/#website","url":"https:\/\/jmvmotors.ee\/","name":"JMV Motors","description":"Premium car rental","publisher":{"@id":"https:\/\/jmvmotors.ee\/#organization"},"potentialAction":[{"@type":"SearchAction","target":{"@type":"EntryPoint","urlTemplate":"https:\/\/jmvmotors.ee\/?s={search_term_string}"},"query-input":{"@type":"PropertyValueSpecification","valueRequired":true,"valueName":"search_term_string"}}],"inLanguage":"en-GB"},{"@type":"Organization","@id":"https:\/\/jmvmotors.ee\/#organization","name":"JMV Motors","url":"https:\/\/jmvmotors.ee\/","logo":{"@type":"ImageObject","inLanguage":"en-GB","@id":"https:\/\/jmvmotors.ee\/#\/schema\/logo\/image\/","url":"https:\/\/jmvmotors.ee\/wp-content\/uploads\/2022\/02\/cropped-Stack-1.png","contentUrl":"https:\/\/jmvmotors.ee\/wp-content\/uploads\/2022\/02\/cropped-Stack-1.png","width":512,"height":512,"caption":"JMV Motors"},"image":{"@id":"https:\/\/jmvmotors.ee\/#\/schema\/logo\/image\/"}}]}},"_links":{"self":[{"href":"https:\/\/jmvmotors.ee\/en\/wp-json\/wp\/v2\/pages\/19875","targetHints":{"allow":["GET"]}}],"collection":[{"href":"https:\/\/jmvmotors.ee\/en\/wp-json\/wp\/v2\/pages"}],"about":[{"href":"https:\/\/jmvmotors.ee\/en\/wp-json\/wp\/v2\/types\/page"}],"author":[{"embeddable":true,"href":"https:\/\/jmvmotors.ee\/en\/wp-json\/wp\/v2\/users\/1"}],"replies":[{"embeddable":true,"href":"https:\/\/jmvmotors.ee\/en\/wp-json\/wp\/v2\/comments?post=19875"}],"version-history":[{"count":1,"href":"https:\/\/jmvmotors.ee\/en\/wp-json\/wp\/v2\/pages\/19875\/revisions"}],"predecessor-version":[{"id":19876,"href":"https:\/\/jmvmotors.ee\/en\/wp-json\/wp\/v2\/pages\/19875\/revisions\/19876"}],"wp:attachment":[{"href":"https:\/\/jmvmotors.ee\/en\/wp-json\/wp\/v2\/media?parent=19875"}],"curies":[{"name":"wp","href":"https:\/\/api.w.org\/{rel}","templated":true}]}}